{"id":37051,"date":"2024-02-15T12:26:41","date_gmt":"2024-02-15T11:26:41","guid":{"rendered":"https:\/\/eberhardsito.tesecom.net\/garanzia-internazionale\/"},"modified":"2024-11-26T19:44:27","modified_gmt":"2024-11-26T18:44:27","slug":"garantie-internationale","status":"publish","type":"page","link":"https:\/\/eberhardsito.tesecom.net\/fr\/garantie-internationale\/","title":{"rendered":"Garantie internationale"},"content":{"rendered":"\t\t<div data-elementor-type=\"wp-page\" data-elementor-id=\"37051\" class=\"elementor elementor-37051 elementor-379\" data-elementor-post-type=\"page\">\n\t\t\t\t<div class=\"elementor-element elementor-element-3baf90e e-flex e-con-boxed e-con e-parent\" data-id=\"3baf90e\" data-element_type=\"container\">\n\t\t\t\t\t<div class=\"e-con-inner\">\n\t\t<div class=\"elementor-element elementor-element-ce8ba30 e-con-full e-flex e-con e-child\" data-id=\"ce8ba30\" data-element_type=\"container\">\n\t\t\t\t<div class=\"elementor-element elementor-element-1d5f9d4 elementor-widget__width-initial elementor-widget elementor-widget-theme-post-title elementor-page-title elementor-widget-heading\" data-id=\"1d5f9d4\" data-element_type=\"widget\" data-widget_type=\"theme-post-title.default\">\n\t\t\t\t<div class=\"elementor-widget-container\">\n\t\t\t<h1 class=\"elementor-heading-title elementor-size-default\">Garantie internationale<\/h1>\t\t<\/div>\n\t\t\t\t<\/div>\n\t\t\t\t<div class=\"elementor-element elementor-element-355559c elementor-widget elementor-widget-image\" data-id=\"355559c\" data-element_type=\"widget\" data-widget_type=\"image.default\">\n\t\t\t\t<div class=\"elementor-widget-container\">\n\t\t\t\t\t\t\t\t\t\t\t\t\t<img fetchpriority=\"high\" decoding=\"async\" width=\"800\" height=\"512\" src=\"https:\/\/eberhardsito.tesecom.net\/wp-content\/uploads\/2024\/07\/Card-garanzia-1250x800-1-1024x655.png\" class=\"attachment-large size-large wp-image-32525\" alt=\"\" srcset=\"https:\/\/eberhardsito.tesecom.net\/wp-content\/uploads\/2024\/07\/Card-garanzia-1250x800-1-1024x655.png 1024w, https:\/\/eberhardsito.tesecom.net\/wp-content\/uploads\/2024\/07\/Card-garanzia-1250x800-1-300x192.png 300w, https:\/\/eberhardsito.tesecom.net\/wp-content\/uploads\/2024\/07\/Card-garanzia-1250x800-1-768x492.png 768w, https:\/\/eberhardsito.tesecom.net\/wp-content\/uploads\/2024\/07\/Card-garanzia-1250x800-1-600x384.png 600w, https:\/\/eberhardsito.tesecom.net\/wp-content\/uploads\/2024\/07\/Card-garanzia-1250x800-1.png 1250w\" sizes=\"(max-width: 800px) 100vw, 800px\" \/>\t\t\t\t\t\t\t\t\t\t\t\t\t<\/div>\n\t\t\t\t<\/div>\n\t\t\t\t<div class=\"elementor-element elementor-element-e39bd5f elementor-widget__width-initial elementor-widget elementor-widget-text-editor\" data-id=\"e39bd5f\" data-element_type=\"widget\" data-widget_type=\"text-editor.default\">\n\t\t\t\t<div class=\"elementor-widget-container\">\n\t\t\t\t\t\t\t<p>Seul un revendeur officiel Eberhard &amp; Co. peut garantir l\u2019authenticit\u00e9 de chacune des pi\u00e8ces de votre montre. Toutes les nouvelles montres Eberhard &amp; Co. sont couvertes par une garantie internationale de 2 ans, qui s\u2019ajoute \u00e0 la garantie l\u00e9gale et qui est d\u00e9livr\u00e9e par Eberhard &amp; Co. La garantie sera activ\u00e9e par le revendeur agr\u00e9\u00e9 au moment de l\u2019achat \u00e0 travers la SHIELD CARD ou l\u2019APP SHIELD \u2013 t\u00e9l\u00e9chargeable sur Apple Store <a href=\"https:\/\/apps.apple.com\/it\/app\/shield-warranty-activation\/id1482611619\">https:\/\/apps.apple.com\/it\/app\/shield-warranty-activation\/id1482611619<\/a> ou Google Play <a href=\"https:\/\/play.google.com\/store\/apps\/details?id=com.eberhard_app\">https:\/\/play.google.com\/store\/apps\/details?id=com.eberhard_app<\/a> &#8211; ou en compl\u00e9tant et datant la garantie sous format papier. Cette garantie internationale ne porte pas sur les demandes de l\u2019acheteur \u00e0 l\u2019\u00e9gard du revendeur ni sur toute autre demande que l\u2019acheteur peut formuler \u00e0 l\u2019\u00e9gard du revendeur conform\u00e9ment \u00e0 la loi.<\/p>\t\t\t\t\t\t<\/div>\n\t\t\t\t<\/div>\n\t\t\t\t<div class=\"elementor-element elementor-element-c1ad5cb elementor-widget elementor-widget-text-editor\" data-id=\"c1ad5cb\" data-element_type=\"widget\" data-widget_type=\"text-editor.default\">\n\t\t\t\t<div class=\"elementor-widget-container\">\n\t\t\t\t\t\t\t<p>Titulaire de la garantie : <br \/>Eberhard &amp; Co., Avenue L\u00e9opold-Robert, 73, CH-2300 \u2013 La Chaux-de-Fonds.<\/p>\t\t\t\t\t\t<\/div>\n\t\t\t\t<\/div>\n\t\t\t\t<div class=\"elementor-element elementor-element-d8a4fdc elementor-widget elementor-widget-toggle\" data-id=\"d8a4fdc\" data-element_type=\"widget\" data-widget_type=\"toggle.default\">\n\t\t\t\t<div class=\"elementor-widget-container\">\n\t\t\t\t\t<div class=\"elementor-toggle\">\n\t\t\t\t\t\t\t<div class=\"elementor-toggle-item\">\n\t\t\t\t\t<div id=\"elementor-tab-title-2271\" class=\"elementor-tab-title\" data-tab=\"1\" role=\"button\" aria-controls=\"elementor-tab-content-2271\" aria-expanded=\"false\">\n\t\t\t\t\t\t\t\t\t\t\t\t<span class=\"elementor-toggle-icon elementor-toggle-icon-right\" aria-hidden=\"true\">\n\t\t\t\t\t\t\t\t\t\t\t\t\t\t\t<span class=\"elementor-toggle-icon-closed\"><svg class=\"e-font-icon-svg e-fas-chevron-down\" viewBox=\"0 0 448 512\" xmlns=\"http:\/\/www.w3.org\/2000\/svg\"><path d=\"M207.029 381.476L12.686 187.132c-9.373-9.373-9.373-24.569 0-33.941l22.667-22.667c9.357-9.357 24.522-9.375 33.901-.04L224 284.505l154.745-154.021c9.379-9.335 24.544-9.317 33.901.04l22.667 22.667c9.373 9.373 9.373 24.569 0 33.941L240.971 381.476c-9.373 9.372-24.569 9.372-33.942 0z\"><\/path><\/svg><\/span>\n\t\t\t\t\t\t\t\t<span class=\"elementor-toggle-icon-opened\"><svg class=\"elementor-toggle-icon-opened e-font-icon-svg e-fas-angle-up\" viewBox=\"0 0 320 512\" xmlns=\"http:\/\/www.w3.org\/2000\/svg\"><path d=\"M177 159.7l136 136c9.4 9.4 9.4 24.6 0 33.9l-22.6 22.6c-9.4 9.4-24.6 9.4-33.9 0L160 255.9l-96.4 96.4c-9.4 9.4-24.6 9.4-33.9 0L7 329.7c-9.4-9.4-9.4-24.6 0-33.9l136-136c9.4-9.5 24.6-9.5 34-.1z\"><\/path><\/svg><\/span>\n\t\t\t\t\t\t\t\t\t\t\t\t\t<\/span>\n\t\t\t\t\t\t\t\t\t\t\t\t<a class=\"elementor-toggle-title\" tabindex=\"0\">Informations sur la garantie internationale<\/a>\n\t\t\t\t\t<\/div>\n\n\t\t\t\t\t<div id=\"elementor-tab-content-2271\" class=\"elementor-tab-content elementor-clearfix\" data-tab=\"1\" role=\"region\" aria-labelledby=\"elementor-tab-title-2271\"><p>La garantie ne couvre pas :<\/p><p>\u2022 Les d\u00e9g\u00e2ts provoqu\u00e9s par de mauvaises interventions techniques ou des chocs<br \/>\u2022 Les d\u00e9g\u00e2ts provoqu\u00e9s par le non-respect des instructions figurant dans le manuel d\u2019utilisation de la montre (disponible sur le site Internet dans l\u2019onglet <a href=\"https:\/\/www.eberhard-co-watches.ch\/trova-il-tuo-eberhard\/\">\u00ab\u2009Trouvez votre Eberhard\u2009\u00bb<\/a> ou dans la fiche technique de chaque produit), notamment le non-respect des instructions relatives \u00e0 l\u2019\u00e9tanch\u00e9it\u00e9 et des instructions suivantes :<br \/>Ne pas exposer la montre \u00e0 des \u00e9carts soudains de temp\u00e9rature (exposition au soleil suivie d\u2019une immersion dans l\u2019eau froide) ou \u00e0 des temp\u00e9ratures extr\u00eames (sup\u00e9rieures \u00e0 60 \u00b0C ou inf\u00e9rieures \u00e0 0 \u00b0C).<br \/>Ne pas exposer la montre \u00e0 des champs magn\u00e9tiques intenses, comme ceux \u00e9mis par des haut-parleurs, des t\u00e9l\u00e9phones portables, des ordinateurs, des r\u00e9frig\u00e9rateurs ou autres appareils \u00e9lectrom\u00e9nagers.<br \/>\u00c9viter le contact direct avec les solvants, les d\u00e9tergents, les parfums, les produits cosm\u00e9tiques, etc., car ils peuvent endommager le bracelet, le bo\u00eetier ou les joints.<br \/>Nettoyer r\u00e9guli\u00e8rement le bo\u00eetier et le bracelet \u00e0 l\u2019aide d\u2019un chiffon doux afin d\u2019\u00e9viter une \u00e9ventuelle corrosion provoqu\u00e9e par la sueur. Toutes les montres \u00e9tanches peuvent \u00eatre nettoy\u00e9es avec une petite brosse (comme une brosse \u00e0 dents, par exemple), de l\u2019eau et du savon, puis essuy\u00e9es avec un chiffon doux. En cas d\u2019immersion dans l\u2019eau de mer, la montre doit \u00eatre rinc\u00e9e dans de l\u2019eau douce, puis essuy\u00e9e compl\u00e8tement.<br \/>\u2022 L\u2019usure du bracelet, du verre et de toutes les autres pi\u00e8ces, due \u00e0 l\u2019utilisation normale de la montre<br \/>\u2022 Les frais \u00e9ventuels d\u2019exp\u00e9dition et d\u2019assurances<\/p><p>Pour effectuer une intervention technique, veuillez vous adresser exclusivement aux centres d\u2019assistance agr\u00e9\u00e9s par Eberhard &amp; Co., dont vous pouvez consulter la liste sur le site Internet dans l\u2019onglet <a href=\"https:\/\/www.eberhard-co-watches.ch\/store-locator\/\">\u00ab\u2009Distribution dans le monde\u2009\u00bb<\/a>.<br \/>Nous vous conseillons d\u2019effectuer un contr\u00f4le ou une r\u00e9vision du m\u00e9canisme de la montre en moyenne tous les 3 ans. Dans les montres \u00e0 quartz, la pile doit \u00eatre remplac\u00e9e imm\u00e9diatement d\u00e8s qu&#8217;elle est d\u00e9charg\u00e9e.<\/p><\/div>\n\t\t\t\t<\/div>\n\t\t\t\t\t\t\t\t<\/div>\n\t\t\t\t<\/div>\n\t\t\t\t<\/div>\n\t\t\t\t<\/div>\n\t\t<div class=\"elementor-element elementor-element-3583018 e-con-full e-flex e-con e-child\" data-id=\"3583018\" data-element_type=\"container\">\n\t\t\t\t<div class=\"elementor-element elementor-element-d9debe2 elementor-hidden-mobile elementor-widget elementor-widget-image\" data-id=\"d9debe2\" data-element_type=\"widget\" data-widget_type=\"image.default\">\n\t\t\t\t<div class=\"elementor-widget-container\">\n\t\t\t\t\t\t\t\t\t\t\t\t\t<img decoding=\"async\" width=\"1000\" height=\"1000\" src=\"https:\/\/eberhardsito.tesecom.net\/wp-content\/uploads\/2024\/07\/Immagine_macro_garanzia@2x.jpg\" class=\"attachment-full size-full wp-image-33212\" alt=\"\" srcset=\"https:\/\/eberhardsito.tesecom.net\/wp-content\/uploads\/2024\/07\/Immagine_macro_garanzia@2x.jpg 1000w, https:\/\/eberhardsito.tesecom.net\/wp-content\/uploads\/2024\/07\/Immagine_macro_garanzia@2x-300x300.jpg 300w, https:\/\/eberhardsito.tesecom.net\/wp-content\/uploads\/2024\/07\/Immagine_macro_garanzia@2x-150x150.jpg 150w, https:\/\/eberhardsito.tesecom.net\/wp-content\/uploads\/2024\/07\/Immagine_macro_garanzia@2x-768x768.jpg 768w, https:\/\/eberhardsito.tesecom.net\/wp-content\/uploads\/2024\/07\/Immagine_macro_garanzia@2x-60x60.jpg 60w, https:\/\/eberhardsito.tesecom.net\/wp-content\/uploads\/2024\/07\/Immagine_macro_garanzia@2x-600x600.jpg 600w, https:\/\/eberhardsito.tesecom.net\/wp-content\/uploads\/2024\/07\/Immagine_macro_garanzia@2x-100x100.jpg 100w\" sizes=\"(max-width: 1000px) 100vw, 1000px\" \/>\t\t\t\t\t\t\t\t\t\t\t\t\t<\/div>\n\t\t\t\t<\/div>\n\t\t<div data-dce-background-color=\"#051940\" class=\"elementor-element elementor-element-904cb49 e-flex e-con-boxed e-con e-child\" data-id=\"904cb49\" data-element_type=\"container\" data-settings=\"{&quot;background_background&quot;:&quot;classic&quot;}\">\n\t\t\t\t\t<div class=\"e-con-inner\">\n\t\t\t\t<div class=\"elementor-element elementor-element-a1e1a4f elementor-widget elementor-widget-heading\" data-id=\"a1e1a4f\" data-element_type=\"widget\" data-widget_type=\"heading.default\">\n\t\t\t\t<div class=\"elementor-widget-container\">\n\t\t\t<h2 class=\"elementor-heading-title elementor-size-default\">Manuels d'instructions<\/h2>\t\t<\/div>\n\t\t\t\t<\/div>\n\t\t\t\t<div class=\"elementor-element elementor-element-2b44b93 elementor-widget elementor-widget-text-editor\" data-id=\"2b44b93\" data-element_type=\"widget\" data-widget_type=\"text-editor.default\">\n\t\t\t\t<div class=\"elementor-widget-container\">\n\t\t\t\t\t\t\t<p>Dans cette area, vous pouvez trouver le manuel d\u2019instructions des montres Eberhard &amp; Co.. La recherche peut \u00eatre effectu\u00e9e \u00e0 travers le nom ou la r\u00e9f\u00e9rence du mod\u00e8le.<\/p>\t\t\t\t\t\t<\/div>\n\t\t\t\t<\/div>\n\t\t\t\t<div class=\"elementor-element elementor-element-69af8e3 elementor-widget elementor-widget-text-editor\" data-id=\"69af8e3\" data-element_type=\"widget\" data-widget_type=\"text-editor.default\">\n\t\t\t\t<div class=\"elementor-widget-container\">\n\t\t\t\t\t\t\t<a style=\"color: #fff;\" href=\"\/fr\/manuali\">CHERCHER &gt;<\/a>\t\t\t\t\t\t<\/div>\n\t\t\t\t<\/div>\n\t\t\t\t\t<\/div>\n\t\t\t\t<\/div>\n\t\t\t\t<\/div>\n\t\t\t\t\t<\/div>\n\t\t\t\t<\/div>\n\t\t\t\t<\/div>\n\t\t","protected":false},"excerpt":{"rendered":"<p>Seul un revendeur officiel Eberhard &amp; Co. peut garantir l\u2019authenticit\u00e9 de chacune des pi\u00e8ces de votre montre. Toutes les nouvelles montres Eberhard &amp; Co. sont couvertes par une garantie internationale de 2 ans, qui s\u2019ajoute \u00e0 la garantie l\u00e9gale et qui est d\u00e9livr\u00e9e par Eberhard &amp; Co. La garantie sera activ\u00e9e par le revendeur agr\u00e9\u00e9 [&hellip;]<\/p>\n","protected":false},"author":1,"featured_media":0,"parent":0,"menu_order":0,"comment_status":"closed","ping_status":"closed","template":"elementor_header_footer","meta":{"_acf_changed":false,"inline_featured_image":false,"footnotes":""},"class_list":["post-37051","page","type-page","status-publish","hentry"],"acf":[],"yoast_head":"<!-- This site is optimized with the Yoast SEO plugin v23.9 - https:\/\/yoast.com\/wordpress\/plugins\/seo\/ -->\n<title>Garantie internationale - Eberhard &amp; Co.<\/title>\n<meta name=\"robots\" content=\"noindex, follow, max-snippet:-1, max-image-preview:large, max-video-preview:-1\" \/>\n<meta property=\"og:locale\" content=\"fr_FR\" \/>\n<meta property=\"og:type\" content=\"article\" \/>\n<meta property=\"og:title\" content=\"Garantie internationale - Eberhard &amp; Co.\" \/>\n<meta property=\"og:description\" content=\"Seul un revendeur officiel Eberhard &amp; Co. peut garantir l\u2019authenticit\u00e9 de chacune des pi\u00e8ces de votre montre. Toutes les nouvelles montres Eberhard &amp; Co. sont couvertes par une garantie internationale de 2 ans, qui s\u2019ajoute \u00e0 la garantie l\u00e9gale et qui est d\u00e9livr\u00e9e par Eberhard &amp; Co. La garantie sera activ\u00e9e par le revendeur agr\u00e9\u00e9 [&hellip;]\" \/>\n<meta property=\"og:url\" content=\"https:\/\/eberhardsito.tesecom.net\/fr\/garantie-internationale\/\" \/>\n<meta property=\"og:site_name\" content=\"Eberhard &amp; Co.\" \/>\n<meta property=\"article:modified_time\" content=\"2024-11-26T18:44:27+00:00\" \/>\n<meta property=\"og:image\" content=\"https:\/\/eberhardsito.tesecom.net\/wp-content\/uploads\/2024\/07\/Card-garanzia-1250x800-1-1024x655.png\" \/>\n<meta name=\"twitter:card\" content=\"summary_large_image\" \/>\n<meta name=\"twitter:label1\" content=\"Dur\u00e9e de lecture estim\u00e9e\" \/>\n\t<meta name=\"twitter:data1\" content=\"3 minutes\" \/>\n<script type=\"application\/ld+json\" class=\"yoast-schema-graph\">{\"@context\":\"https:\/\/schema.org\",\"@graph\":[{\"@type\":\"WebPage\",\"@id\":\"https:\/\/eberhardsito.tesecom.net\/fr\/garantie-internationale\/\",\"url\":\"https:\/\/eberhardsito.tesecom.net\/fr\/garantie-internationale\/\",\"name\":\"Garantie internationale - Eberhard &amp; Co.\",\"isPartOf\":{\"@id\":\"https:\/\/eberhardsito.tesecom.net\/fr\/#website\"},\"primaryImageOfPage\":{\"@id\":\"https:\/\/eberhardsito.tesecom.net\/fr\/garantie-internationale\/#primaryimage\"},\"image\":{\"@id\":\"https:\/\/eberhardsito.tesecom.net\/fr\/garantie-internationale\/#primaryimage\"},\"thumbnailUrl\":\"https:\/\/eberhardsito.tesecom.net\/wp-content\/uploads\/2024\/07\/Card-garanzia-1250x800-1-1024x655.png\",\"datePublished\":\"2024-02-15T11:26:41+00:00\",\"dateModified\":\"2024-11-26T18:44:27+00:00\",\"breadcrumb\":{\"@id\":\"https:\/\/eberhardsito.tesecom.net\/fr\/garantie-internationale\/#breadcrumb\"},\"inLanguage\":\"fr-FR\",\"potentialAction\":[{\"@type\":\"ReadAction\",\"target\":[\"https:\/\/eberhardsito.tesecom.net\/fr\/garantie-internationale\/\"]}]},{\"@type\":\"ImageObject\",\"inLanguage\":\"fr-FR\",\"@id\":\"https:\/\/eberhardsito.tesecom.net\/fr\/garantie-internationale\/#primaryimage\",\"url\":\"https:\/\/eberhardsito.tesecom.net\/wp-content\/uploads\/2024\/07\/Card-garanzia-1250x800-1-1024x655.png\",\"contentUrl\":\"https:\/\/eberhardsito.tesecom.net\/wp-content\/uploads\/2024\/07\/Card-garanzia-1250x800-1-1024x655.png\"},{\"@type\":\"BreadcrumbList\",\"@id\":\"https:\/\/eberhardsito.tesecom.net\/fr\/garantie-internationale\/#breadcrumb\",\"itemListElement\":[{\"@type\":\"ListItem\",\"position\":1,\"name\":\"Homepage\",\"item\":\"https:\/\/eberhardsito.tesecom.net\/fr\/\"},{\"@type\":\"ListItem\",\"position\":2,\"name\":\"Garantie internationale\"}]},{\"@type\":\"WebSite\",\"@id\":\"https:\/\/eberhardsito.tesecom.net\/fr\/#website\",\"url\":\"https:\/\/eberhardsito.tesecom.net\/fr\/\",\"name\":\"Eberhard &amp; Co.\",\"description\":\"\",\"publisher\":{\"@id\":\"https:\/\/eberhardsito.tesecom.net\/fr\/#organization\"},\"potentialAction\":[{\"@type\":\"SearchAction\",\"target\":{\"@type\":\"EntryPoint\",\"urlTemplate\":\"https:\/\/eberhardsito.tesecom.net\/fr\/?s={search_term_string}\"},\"query-input\":{\"@type\":\"PropertyValueSpecification\",\"valueRequired\":true,\"valueName\":\"search_term_string\"}}],\"inLanguage\":\"fr-FR\"},{\"@type\":\"Organization\",\"@id\":\"https:\/\/eberhardsito.tesecom.net\/fr\/#organization\",\"name\":\"Eberhard &amp; Co.\",\"url\":\"https:\/\/eberhardsito.tesecom.net\/fr\/\",\"logo\":{\"@type\":\"ImageObject\",\"inLanguage\":\"fr-FR\",\"@id\":\"https:\/\/eberhardsito.tesecom.net\/fr\/#\/schema\/logo\/image\/\",\"url\":\"https:\/\/eberhardsito.tesecom.net\/wp-content\/uploads\/2024\/02\/logo.svg\",\"contentUrl\":\"https:\/\/eberhardsito.tesecom.net\/wp-content\/uploads\/2024\/02\/logo.svg\",\"width\":235,\"height\":121,\"caption\":\"Eberhard &amp; Co.\"},\"image\":{\"@id\":\"https:\/\/eberhardsito.tesecom.net\/fr\/#\/schema\/logo\/image\/\"}}]}<\/script>\n<!-- \/ Yoast SEO plugin. -->","yoast_head_json":{"title":"Garantie internationale - Eberhard &amp; Co.","robots":{"index":"noindex","follow":"follow","max-snippet":"max-snippet:-1","max-image-preview":"max-image-preview:large","max-video-preview":"max-video-preview:-1"},"og_locale":"fr_FR","og_type":"article","og_title":"Garantie internationale - Eberhard &amp; Co.","og_description":"Seul un revendeur officiel Eberhard &amp; Co. peut garantir l\u2019authenticit\u00e9 de chacune des pi\u00e8ces de votre montre. Toutes les nouvelles montres Eberhard &amp; Co. sont couvertes par une garantie internationale de 2 ans, qui s\u2019ajoute \u00e0 la garantie l\u00e9gale et qui est d\u00e9livr\u00e9e par Eberhard &amp; Co. La garantie sera activ\u00e9e par le revendeur agr\u00e9\u00e9 [&hellip;]","og_url":"https:\/\/eberhardsito.tesecom.net\/fr\/garantie-internationale\/","og_site_name":"Eberhard &amp; Co.","article_modified_time":"2024-11-26T18:44:27+00:00","og_image":[{"url":"https:\/\/eberhardsito.tesecom.net\/wp-content\/uploads\/2024\/07\/Card-garanzia-1250x800-1-1024x655.png"}],"twitter_card":"summary_large_image","twitter_misc":{"Dur\u00e9e de lecture estim\u00e9e":"3 minutes"},"schema":{"@context":"https:\/\/schema.org","@graph":[{"@type":"WebPage","@id":"https:\/\/eberhardsito.tesecom.net\/fr\/garantie-internationale\/","url":"https:\/\/eberhardsito.tesecom.net\/fr\/garantie-internationale\/","name":"Garantie internationale - Eberhard &amp; Co.","isPartOf":{"@id":"https:\/\/eberhardsito.tesecom.net\/fr\/#website"},"primaryImageOfPage":{"@id":"https:\/\/eberhardsito.tesecom.net\/fr\/garantie-internationale\/#primaryimage"},"image":{"@id":"https:\/\/eberhardsito.tesecom.net\/fr\/garantie-internationale\/#primaryimage"},"thumbnailUrl":"https:\/\/eberhardsito.tesecom.net\/wp-content\/uploads\/2024\/07\/Card-garanzia-1250x800-1-1024x655.png","datePublished":"2024-02-15T11:26:41+00:00","dateModified":"2024-11-26T18:44:27+00:00","breadcrumb":{"@id":"https:\/\/eberhardsito.tesecom.net\/fr\/garantie-internationale\/#breadcrumb"},"inLanguage":"fr-FR","potentialAction":[{"@type":"ReadAction","target":["https:\/\/eberhardsito.tesecom.net\/fr\/garantie-internationale\/"]}]},{"@type":"ImageObject","inLanguage":"fr-FR","@id":"https:\/\/eberhardsito.tesecom.net\/fr\/garantie-internationale\/#primaryimage","url":"https:\/\/eberhardsito.tesecom.net\/wp-content\/uploads\/2024\/07\/Card-garanzia-1250x800-1-1024x655.png","contentUrl":"https:\/\/eberhardsito.tesecom.net\/wp-content\/uploads\/2024\/07\/Card-garanzia-1250x800-1-1024x655.png"},{"@type":"BreadcrumbList","@id":"https:\/\/eberhardsito.tesecom.net\/fr\/garantie-internationale\/#breadcrumb","itemListElement":[{"@type":"ListItem","position":1,"name":"Homepage","item":"https:\/\/eberhardsito.tesecom.net\/fr\/"},{"@type":"ListItem","position":2,"name":"Garantie internationale"}]},{"@type":"WebSite","@id":"https:\/\/eberhardsito.tesecom.net\/fr\/#website","url":"https:\/\/eberhardsito.tesecom.net\/fr\/","name":"Eberhard &amp; Co.","description":"","publisher":{"@id":"https:\/\/eberhardsito.tesecom.net\/fr\/#organization"},"potentialAction":[{"@type":"SearchAction","target":{"@type":"EntryPoint","urlTemplate":"https:\/\/eberhardsito.tesecom.net\/fr\/?s={search_term_string}"},"query-input":{"@type":"PropertyValueSpecification","valueRequired":true,"valueName":"search_term_string"}}],"inLanguage":"fr-FR"},{"@type":"Organization","@id":"https:\/\/eberhardsito.tesecom.net\/fr\/#organization","name":"Eberhard &amp; Co.","url":"https:\/\/eberhardsito.tesecom.net\/fr\/","logo":{"@type":"ImageObject","inLanguage":"fr-FR","@id":"https:\/\/eberhardsito.tesecom.net\/fr\/#\/schema\/logo\/image\/","url":"https:\/\/eberhardsito.tesecom.net\/wp-content\/uploads\/2024\/02\/logo.svg","contentUrl":"https:\/\/eberhardsito.tesecom.net\/wp-content\/uploads\/2024\/02\/logo.svg","width":235,"height":121,"caption":"Eberhard &amp; Co."},"image":{"@id":"https:\/\/eberhardsito.tesecom.net\/fr\/#\/schema\/logo\/image\/"}}]}},"_links":{"self":[{"href":"https:\/\/eberhardsito.tesecom.net\/fr\/wp-json\/wp\/v2\/pages\/37051"}],"collection":[{"href":"https:\/\/eberhardsito.tesecom.net\/fr\/wp-json\/wp\/v2\/pages"}],"about":[{"href":"https:\/\/eberhardsito.tesecom.net\/fr\/wp-json\/wp\/v2\/types\/page"}],"author":[{"embeddable":true,"href":"https:\/\/eberhardsito.tesecom.net\/fr\/wp-json\/wp\/v2\/users\/1"}],"replies":[{"embeddable":true,"href":"https:\/\/eberhardsito.tesecom.net\/fr\/wp-json\/wp\/v2\/comments?post=37051"}],"version-history":[{"count":3,"href":"https:\/\/eberhardsito.tesecom.net\/fr\/wp-json\/wp\/v2\/pages\/37051\/revisions"}],"predecessor-version":[{"id":45784,"href":"https:\/\/eberhardsito.tesecom.net\/fr\/wp-json\/wp\/v2\/pages\/37051\/revisions\/45784"}],"wp:attachment":[{"href":"https:\/\/eberhardsito.tesecom.net\/fr\/wp-json\/wp\/v2\/media?parent=37051"}],"curies":[{"name":"wp","href":"https:\/\/api.w.org\/{rel}","templated":true}]}}