{"id":34227,"date":"2014-03-12T09:33:35","date_gmt":"2014-03-12T08:33:35","guid":{"rendered":"https:\/\/eberhardsito.tesecom.net\/prodotto\/extra-fort-41029-1\/"},"modified":"2025-02-10T11:53:49","modified_gmt":"2025-02-10T10:53:49","slug":"extra-fort-41029-1","status":"publish","type":"product","link":"https:\/\/eberhardsito.tesecom.net\/fr\/prodotto\/extra-fort-41029-1\/","title":{"rendered":"EXTRA-FORT 41029.1"},"content":{"rendered":"<p>M\u00c9CANIQUE \u00c0 REMONTAGE AUTOMATIQUE<\/p>\n<p>VERRE SAPHIR CONVEXE ANTIREFLET<\/p>\n<p>COURONNE EN ACIER \u00c0 VIS PERSONNALIS\u00c9E<\/p>\n<p>FOND DU BO\u00ceTIER FIX\u00c9 PAR 6 VIS PERSONNALIS\u00c9<\/p>\n<p>BRACELET EN ALLIGATOR<\/p>\n<p>BOUCLE EN ACIER PERSONNALIS\u00c9E<\/p>\n<p>OPTIONNEL:<br \/>\nFERMETURE D\u00c9PLOYANTE D\u00c9CLIC\u00ae<\/p>\n","protected":false},"excerpt":{"rendered":"<p>M\u00c9CANIQUE \u00c0 REMONTAGE AUTOMATIQUE VERRE SAPHIR CONVEXE ANTIREFLET COURONNE EN ACIER \u00c0 VIS PERSONNALIS\u00c9E FOND DU BO\u00ceTIER FIX\u00c9 PAR 6 VIS PERSONNALIS\u00c9 BRACELET EN ALLIGATOR BOUCLE EN ACIER PERSONNALIS\u00c9E OPTIONNEL: FERMETURE D\u00c9PLOYANTE D\u00c9CLIC\u00ae<\/p>\n","protected":false},"featured_media":0,"comment_status":"closed","ping_status":"closed","template":"","meta":{"_acf_changed":false,"inline_featured_image":false},"product_cat":[194],"product_tag":[],"collection":[528],"class_list":{"0":"post-34227","1":"product","2":"type-product","3":"status-publish","5":"product_cat-uncategorized-fr","6":"collection-automatic-fr","8":"first","9":"instock","10":"shipping-taxable","11":"purchasable","12":"product-type-simple"},"acf":[],"yoast_head":"<!-- This site is optimized with the Yoast SEO plugin v23.9 - https:\/\/yoast.com\/wordpress\/plugins\/seo\/ -->\n<title>EXTRA-FORT 41029.1 - Eberhard &amp; Co.<\/title>\n<meta name=\"robots\" content=\"noindex, follow, max-snippet:-1, max-image-preview:large, max-video-preview:-1\" \/>\n<meta property=\"og:locale\" content=\"fr_FR\" \/>\n<meta property=\"og:type\" content=\"article\" \/>\n<meta property=\"og:title\" content=\"EXTRA-FORT 41029.1 - Eberhard &amp; Co.\" \/>\n<meta property=\"og:description\" content=\"M\u00c9CANIQUE \u00c0 REMONTAGE AUTOMATIQUE VERRE SAPHIR CONVEXE ANTIREFLET COURONNE EN ACIER \u00c0 VIS PERSONNALIS\u00c9E FOND DU BO\u00ceTIER FIX\u00c9 PAR 6 VIS PERSONNALIS\u00c9 BRACELET EN ALLIGATOR BOUCLE EN ACIER PERSONNALIS\u00c9E OPTIONNEL: FERMETURE D\u00c9PLOYANTE D\u00c9CLIC\u00ae\" \/>\n<meta property=\"og:url\" content=\"https:\/\/eberhardsito.tesecom.net\/fr\/prodotto\/extra-fort-41029-1\/\" \/>\n<meta property=\"og:site_name\" content=\"Eberhard &amp; Co.\" \/>\n<meta property=\"article:modified_time\" content=\"2025-02-10T10:53:49+00:00\" \/>\n<meta name=\"twitter:card\" content=\"summary_large_image\" \/>\n<meta name=\"twitter:label1\" content=\"Dur\u00e9e de lecture estim\u00e9e\" \/>\n\t<meta name=\"twitter:data1\" content=\"1 minute\" \/>\n<script type=\"application\/ld+json\" class=\"yoast-schema-graph\">{\"@context\":\"https:\/\/schema.org\",\"@graph\":[{\"@type\":\"WebPage\",\"@id\":\"https:\/\/eberhardsito.tesecom.net\/fr\/prodotto\/extra-fort-41029-1\/\",\"url\":\"https:\/\/eberhardsito.tesecom.net\/fr\/prodotto\/extra-fort-41029-1\/\",\"name\":\"EXTRA-FORT 41029.1 - Eberhard &amp; Co.\",\"isPartOf\":{\"@id\":\"https:\/\/eberhardsito.tesecom.net\/fr\/#website\"},\"datePublished\":\"2014-03-12T08:33:35+00:00\",\"dateModified\":\"2025-02-10T10:53:49+00:00\",\"breadcrumb\":{\"@id\":\"https:\/\/eberhardsito.tesecom.net\/fr\/prodotto\/extra-fort-41029-1\/#breadcrumb\"},\"inLanguage\":\"fr-FR\",\"potentialAction\":[{\"@type\":\"ReadAction\",\"target\":[\"https:\/\/eberhardsito.tesecom.net\/fr\/prodotto\/extra-fort-41029-1\/\"]}]},{\"@type\":\"BreadcrumbList\",\"@id\":\"https:\/\/eberhardsito.tesecom.net\/fr\/prodotto\/extra-fort-41029-1\/#breadcrumb\",\"itemListElement\":[{\"@type\":\"ListItem\",\"position\":1,\"name\":\"Homepage\",\"item\":\"https:\/\/eberhardsito.tesecom.net\/fr\/\"},{\"@type\":\"ListItem\",\"position\":2,\"name\":\"Boutique\",\"item\":\"https:\/\/eberhardsito.tesecom.net\/fr\/boutique\/\"},{\"@type\":\"ListItem\",\"position\":3,\"name\":\"EXTRA-FORT 41029.1\"}]},{\"@type\":\"WebSite\",\"@id\":\"https:\/\/eberhardsito.tesecom.net\/fr\/#website\",\"url\":\"https:\/\/eberhardsito.tesecom.net\/fr\/\",\"name\":\"Eberhard &amp; Co.\",\"description\":\"\",\"publisher\":{\"@id\":\"https:\/\/eberhardsito.tesecom.net\/fr\/#organization\"},\"potentialAction\":[{\"@type\":\"SearchAction\",\"target\":{\"@type\":\"EntryPoint\",\"urlTemplate\":\"https:\/\/eberhardsito.tesecom.net\/fr\/?s={search_term_string}\"},\"query-input\":{\"@type\":\"PropertyValueSpecification\",\"valueRequired\":true,\"valueName\":\"search_term_string\"}}],\"inLanguage\":\"fr-FR\"},{\"@type\":\"Organization\",\"@id\":\"https:\/\/eberhardsito.tesecom.net\/fr\/#organization\",\"name\":\"Eberhard &amp; Co.\",\"url\":\"https:\/\/eberhardsito.tesecom.net\/fr\/\",\"logo\":{\"@type\":\"ImageObject\",\"inLanguage\":\"fr-FR\",\"@id\":\"https:\/\/eberhardsito.tesecom.net\/fr\/#\/schema\/logo\/image\/\",\"url\":\"https:\/\/eberhardsito.tesecom.net\/wp-content\/uploads\/2024\/02\/logo.svg\",\"contentUrl\":\"https:\/\/eberhardsito.tesecom.net\/wp-content\/uploads\/2024\/02\/logo.svg\",\"width\":235,\"height\":121,\"caption\":\"Eberhard &amp; Co.\"},\"image\":{\"@id\":\"https:\/\/eberhardsito.tesecom.net\/fr\/#\/schema\/logo\/image\/\"}}]}<\/script>\n<!-- \/ Yoast SEO plugin. -->","yoast_head_json":{"title":"EXTRA-FORT 41029.1 - Eberhard &amp; Co.","robots":{"index":"noindex","follow":"follow","max-snippet":"max-snippet:-1","max-image-preview":"max-image-preview:large","max-video-preview":"max-video-preview:-1"},"og_locale":"fr_FR","og_type":"article","og_title":"EXTRA-FORT 41029.1 - Eberhard &amp; Co.","og_description":"M\u00c9CANIQUE \u00c0 REMONTAGE AUTOMATIQUE VERRE SAPHIR CONVEXE ANTIREFLET COURONNE EN ACIER \u00c0 VIS PERSONNALIS\u00c9E FOND DU BO\u00ceTIER FIX\u00c9 PAR 6 VIS PERSONNALIS\u00c9 BRACELET EN ALLIGATOR BOUCLE EN ACIER PERSONNALIS\u00c9E OPTIONNEL: FERMETURE D\u00c9PLOYANTE D\u00c9CLIC\u00ae","og_url":"https:\/\/eberhardsito.tesecom.net\/fr\/prodotto\/extra-fort-41029-1\/","og_site_name":"Eberhard &amp; Co.","article_modified_time":"2025-02-10T10:53:49+00:00","twitter_card":"summary_large_image","twitter_misc":{"Dur\u00e9e de lecture estim\u00e9e":"1 minute"},"schema":{"@context":"https:\/\/schema.org","@graph":[{"@type":"WebPage","@id":"https:\/\/eberhardsito.tesecom.net\/fr\/prodotto\/extra-fort-41029-1\/","url":"https:\/\/eberhardsito.tesecom.net\/fr\/prodotto\/extra-fort-41029-1\/","name":"EXTRA-FORT 41029.1 - Eberhard &amp; Co.","isPartOf":{"@id":"https:\/\/eberhardsito.tesecom.net\/fr\/#website"},"datePublished":"2014-03-12T08:33:35+00:00","dateModified":"2025-02-10T10:53:49+00:00","breadcrumb":{"@id":"https:\/\/eberhardsito.tesecom.net\/fr\/prodotto\/extra-fort-41029-1\/#breadcrumb"},"inLanguage":"fr-FR","potentialAction":[{"@type":"ReadAction","target":["https:\/\/eberhardsito.tesecom.net\/fr\/prodotto\/extra-fort-41029-1\/"]}]},{"@type":"BreadcrumbList","@id":"https:\/\/eberhardsito.tesecom.net\/fr\/prodotto\/extra-fort-41029-1\/#breadcrumb","itemListElement":[{"@type":"ListItem","position":1,"name":"Homepage","item":"https:\/\/eberhardsito.tesecom.net\/fr\/"},{"@type":"ListItem","position":2,"name":"Boutique","item":"https:\/\/eberhardsito.tesecom.net\/fr\/boutique\/"},{"@type":"ListItem","position":3,"name":"EXTRA-FORT 41029.1"}]},{"@type":"WebSite","@id":"https:\/\/eberhardsito.tesecom.net\/fr\/#website","url":"https:\/\/eberhardsito.tesecom.net\/fr\/","name":"Eberhard &amp; Co.","description":"","publisher":{"@id":"https:\/\/eberhardsito.tesecom.net\/fr\/#organization"},"potentialAction":[{"@type":"SearchAction","target":{"@type":"EntryPoint","urlTemplate":"https:\/\/eberhardsito.tesecom.net\/fr\/?s={search_term_string}"},"query-input":{"@type":"PropertyValueSpecification","valueRequired":true,"valueName":"search_term_string"}}],"inLanguage":"fr-FR"},{"@type":"Organization","@id":"https:\/\/eberhardsito.tesecom.net\/fr\/#organization","name":"Eberhard &amp; Co.","url":"https:\/\/eberhardsito.tesecom.net\/fr\/","logo":{"@type":"ImageObject","inLanguage":"fr-FR","@id":"https:\/\/eberhardsito.tesecom.net\/fr\/#\/schema\/logo\/image\/","url":"https:\/\/eberhardsito.tesecom.net\/wp-content\/uploads\/2024\/02\/logo.svg","contentUrl":"https:\/\/eberhardsito.tesecom.net\/wp-content\/uploads\/2024\/02\/logo.svg","width":235,"height":121,"caption":"Eberhard &amp; Co."},"image":{"@id":"https:\/\/eberhardsito.tesecom.net\/fr\/#\/schema\/logo\/image\/"}}]}},"_links":{"self":[{"href":"https:\/\/eberhardsito.tesecom.net\/fr\/wp-json\/wp\/v2\/product\/34227"}],"collection":[{"href":"https:\/\/eberhardsito.tesecom.net\/fr\/wp-json\/wp\/v2\/product"}],"about":[{"href":"https:\/\/eberhardsito.tesecom.net\/fr\/wp-json\/wp\/v2\/types\/product"}],"replies":[{"embeddable":true,"href":"https:\/\/eberhardsito.tesecom.net\/fr\/wp-json\/wp\/v2\/comments?post=34227"}],"wp:attachment":[{"href":"https:\/\/eberhardsito.tesecom.net\/fr\/wp-json\/wp\/v2\/media?parent=34227"}],"wp:term":[{"taxonomy":"product_cat","embeddable":true,"href":"https:\/\/eberhardsito.tesecom.net\/fr\/wp-json\/wp\/v2\/product_cat?post=34227"},{"taxonomy":"product_tag","embeddable":true,"href":"https:\/\/eberhardsito.tesecom.net\/fr\/wp-json\/wp\/v2\/product_tag?post=34227"},{"taxonomy":"collection","embeddable":true,"href":"https:\/\/eberhardsito.tesecom.net\/fr\/wp-json\/wp\/v2\/collection?post=34227"}],"curies":[{"name":"wp","href":"https:\/\/api.w.org\/{rel}","templated":true}]}}