{"id":35750,"date":"2021-05-13T09:50:32","date_gmt":"2021-05-13T07:50:32","guid":{"rendered":"https:\/\/eberhardsito.tesecom.net\/prodotto\/reve-61009-03\/"},"modified":"2025-01-21T12:20:21","modified_gmt":"2025-01-21T11:20:21","slug":"reve-61009-03","status":"publish","type":"product","link":"https:\/\/eberhardsito.tesecom.net\/fr\/prodotto\/reve-61009-03\/","title":{"rendered":"R\u00eave 61009.03"},"content":{"rendered":"<p>ACIER<\/p>\n<p>QUARTZ<\/p>\n<p>VERRE SAPHIR AVEC TRAITEMENT ANTIREFLET \u00c0 L\u2019INT\u00c9RIEUR<\/p>\n<p>COURONNE EN ACIER \u00c0 VIS PERSONNALIS\u00c9E<\/p>\n<p>FOND DU BO\u00ceTIER FIX\u00c9 PAR 4 VIS PERSONNALIS\u00c9 AVEC LA GRAVURE \u00ab TOUT COMMENCE PAR UN R\u00caVE \u00bb<\/p>\n<p>BRACELET EN ACIER<\/p>\n","protected":false},"excerpt":{"rendered":"<p>ACIER QUARTZ VERRE SAPHIR AVEC TRAITEMENT ANTIREFLET \u00c0 L\u2019INT\u00c9RIEUR COURONNE EN ACIER \u00c0 VIS PERSONNALIS\u00c9E FOND DU BO\u00ceTIER FIX\u00c9 PAR 4 VIS PERSONNALIS\u00c9 AVEC LA GRAVURE \u00ab TOUT COMMENCE PAR UN R\u00caVE \u00bb BRACELET EN ACIER<\/p>\n","protected":false},"featured_media":0,"comment_status":"open","ping_status":"closed","template":"","meta":{"_acf_changed":false,"inline_featured_image":false},"product_cat":[194],"product_tag":[],"collection":[617],"class_list":{"0":"post-35750","1":"product","2":"type-product","3":"status-publish","5":"product_cat-uncategorized-fr","6":"collection-reve-reve-fr","8":"first","9":"instock","10":"shipping-taxable","11":"purchasable","12":"product-type-simple"},"acf":[],"yoast_head":"<!-- This site is optimized with the Yoast SEO plugin v23.9 - https:\/\/yoast.com\/wordpress\/plugins\/seo\/ -->\n<title>R\u00eave 61009.03 - Eberhard &amp; Co.<\/title>\n<meta name=\"robots\" content=\"noindex, follow, max-snippet:-1, max-image-preview:large, max-video-preview:-1\" \/>\n<meta property=\"og:locale\" content=\"fr_FR\" \/>\n<meta property=\"og:type\" content=\"article\" \/>\n<meta property=\"og:title\" content=\"R\u00eave 61009.03 - Eberhard &amp; Co.\" \/>\n<meta property=\"og:description\" content=\"ACIER QUARTZ VERRE SAPHIR AVEC TRAITEMENT ANTIREFLET \u00c0 L\u2019INT\u00c9RIEUR COURONNE EN ACIER \u00c0 VIS PERSONNALIS\u00c9E FOND DU BO\u00ceTIER FIX\u00c9 PAR 4 VIS PERSONNALIS\u00c9 AVEC LA GRAVURE \u00ab TOUT COMMENCE PAR UN R\u00caVE \u00bb BRACELET EN ACIER\" \/>\n<meta property=\"og:url\" content=\"https:\/\/eberhardsito.tesecom.net\/fr\/prodotto\/reve-61009-03\/\" \/>\n<meta property=\"og:site_name\" content=\"Eberhard &amp; Co.\" \/>\n<meta property=\"article:modified_time\" content=\"2025-01-21T11:20:21+00:00\" \/>\n<meta name=\"twitter:card\" content=\"summary_large_image\" \/>\n<meta name=\"twitter:label1\" content=\"Dur\u00e9e de lecture estim\u00e9e\" \/>\n\t<meta name=\"twitter:data1\" content=\"1 minute\" \/>\n<script type=\"application\/ld+json\" class=\"yoast-schema-graph\">{\"@context\":\"https:\/\/schema.org\",\"@graph\":[{\"@type\":\"WebPage\",\"@id\":\"https:\/\/eberhardsito.tesecom.net\/fr\/prodotto\/reve-61009-03\/\",\"url\":\"https:\/\/eberhardsito.tesecom.net\/fr\/prodotto\/reve-61009-03\/\",\"name\":\"R\u00eave 61009.03 - Eberhard &amp; Co.\",\"isPartOf\":{\"@id\":\"https:\/\/eberhardsito.tesecom.net\/fr\/#website\"},\"datePublished\":\"2021-05-13T07:50:32+00:00\",\"dateModified\":\"2025-01-21T11:20:21+00:00\",\"breadcrumb\":{\"@id\":\"https:\/\/eberhardsito.tesecom.net\/fr\/prodotto\/reve-61009-03\/#breadcrumb\"},\"inLanguage\":\"fr-FR\",\"potentialAction\":[{\"@type\":\"ReadAction\",\"target\":[\"https:\/\/eberhardsito.tesecom.net\/fr\/prodotto\/reve-61009-03\/\"]}]},{\"@type\":\"BreadcrumbList\",\"@id\":\"https:\/\/eberhardsito.tesecom.net\/fr\/prodotto\/reve-61009-03\/#breadcrumb\",\"itemListElement\":[{\"@type\":\"ListItem\",\"position\":1,\"name\":\"Homepage\",\"item\":\"https:\/\/eberhardsito.tesecom.net\/fr\/\"},{\"@type\":\"ListItem\",\"position\":2,\"name\":\"Boutique\",\"item\":\"https:\/\/eberhardsito.tesecom.net\/fr\/boutique\/\"},{\"@type\":\"ListItem\",\"position\":3,\"name\":\"R\u00eave 61009.03\"}]},{\"@type\":\"WebSite\",\"@id\":\"https:\/\/eberhardsito.tesecom.net\/fr\/#website\",\"url\":\"https:\/\/eberhardsito.tesecom.net\/fr\/\",\"name\":\"Eberhard &amp; Co.\",\"description\":\"\",\"publisher\":{\"@id\":\"https:\/\/eberhardsito.tesecom.net\/fr\/#organization\"},\"potentialAction\":[{\"@type\":\"SearchAction\",\"target\":{\"@type\":\"EntryPoint\",\"urlTemplate\":\"https:\/\/eberhardsito.tesecom.net\/fr\/?s={search_term_string}\"},\"query-input\":{\"@type\":\"PropertyValueSpecification\",\"valueRequired\":true,\"valueName\":\"search_term_string\"}}],\"inLanguage\":\"fr-FR\"},{\"@type\":\"Organization\",\"@id\":\"https:\/\/eberhardsito.tesecom.net\/fr\/#organization\",\"name\":\"Eberhard &amp; Co.\",\"url\":\"https:\/\/eberhardsito.tesecom.net\/fr\/\",\"logo\":{\"@type\":\"ImageObject\",\"inLanguage\":\"fr-FR\",\"@id\":\"https:\/\/eberhardsito.tesecom.net\/fr\/#\/schema\/logo\/image\/\",\"url\":\"https:\/\/eberhardsito.tesecom.net\/wp-content\/uploads\/2024\/02\/logo.svg\",\"contentUrl\":\"https:\/\/eberhardsito.tesecom.net\/wp-content\/uploads\/2024\/02\/logo.svg\",\"width\":235,\"height\":121,\"caption\":\"Eberhard &amp; Co.\"},\"image\":{\"@id\":\"https:\/\/eberhardsito.tesecom.net\/fr\/#\/schema\/logo\/image\/\"}}]}<\/script>\n<!-- \/ Yoast SEO plugin. -->","yoast_head_json":{"title":"R\u00eave 61009.03 - Eberhard &amp; Co.","robots":{"index":"noindex","follow":"follow","max-snippet":"max-snippet:-1","max-image-preview":"max-image-preview:large","max-video-preview":"max-video-preview:-1"},"og_locale":"fr_FR","og_type":"article","og_title":"R\u00eave 61009.03 - Eberhard &amp; Co.","og_description":"ACIER QUARTZ VERRE SAPHIR AVEC TRAITEMENT ANTIREFLET \u00c0 L\u2019INT\u00c9RIEUR COURONNE EN ACIER \u00c0 VIS PERSONNALIS\u00c9E FOND DU BO\u00ceTIER FIX\u00c9 PAR 4 VIS PERSONNALIS\u00c9 AVEC LA GRAVURE \u00ab TOUT COMMENCE PAR UN R\u00caVE \u00bb BRACELET EN ACIER","og_url":"https:\/\/eberhardsito.tesecom.net\/fr\/prodotto\/reve-61009-03\/","og_site_name":"Eberhard &amp; Co.","article_modified_time":"2025-01-21T11:20:21+00:00","twitter_card":"summary_large_image","twitter_misc":{"Dur\u00e9e de lecture estim\u00e9e":"1 minute"},"schema":{"@context":"https:\/\/schema.org","@graph":[{"@type":"WebPage","@id":"https:\/\/eberhardsito.tesecom.net\/fr\/prodotto\/reve-61009-03\/","url":"https:\/\/eberhardsito.tesecom.net\/fr\/prodotto\/reve-61009-03\/","name":"R\u00eave 61009.03 - Eberhard &amp; Co.","isPartOf":{"@id":"https:\/\/eberhardsito.tesecom.net\/fr\/#website"},"datePublished":"2021-05-13T07:50:32+00:00","dateModified":"2025-01-21T11:20:21+00:00","breadcrumb":{"@id":"https:\/\/eberhardsito.tesecom.net\/fr\/prodotto\/reve-61009-03\/#breadcrumb"},"inLanguage":"fr-FR","potentialAction":[{"@type":"ReadAction","target":["https:\/\/eberhardsito.tesecom.net\/fr\/prodotto\/reve-61009-03\/"]}]},{"@type":"BreadcrumbList","@id":"https:\/\/eberhardsito.tesecom.net\/fr\/prodotto\/reve-61009-03\/#breadcrumb","itemListElement":[{"@type":"ListItem","position":1,"name":"Homepage","item":"https:\/\/eberhardsito.tesecom.net\/fr\/"},{"@type":"ListItem","position":2,"name":"Boutique","item":"https:\/\/eberhardsito.tesecom.net\/fr\/boutique\/"},{"@type":"ListItem","position":3,"name":"R\u00eave 61009.03"}]},{"@type":"WebSite","@id":"https:\/\/eberhardsito.tesecom.net\/fr\/#website","url":"https:\/\/eberhardsito.tesecom.net\/fr\/","name":"Eberhard &amp; Co.","description":"","publisher":{"@id":"https:\/\/eberhardsito.tesecom.net\/fr\/#organization"},"potentialAction":[{"@type":"SearchAction","target":{"@type":"EntryPoint","urlTemplate":"https:\/\/eberhardsito.tesecom.net\/fr\/?s={search_term_string}"},"query-input":{"@type":"PropertyValueSpecification","valueRequired":true,"valueName":"search_term_string"}}],"inLanguage":"fr-FR"},{"@type":"Organization","@id":"https:\/\/eberhardsito.tesecom.net\/fr\/#organization","name":"Eberhard &amp; Co.","url":"https:\/\/eberhardsito.tesecom.net\/fr\/","logo":{"@type":"ImageObject","inLanguage":"fr-FR","@id":"https:\/\/eberhardsito.tesecom.net\/fr\/#\/schema\/logo\/image\/","url":"https:\/\/eberhardsito.tesecom.net\/wp-content\/uploads\/2024\/02\/logo.svg","contentUrl":"https:\/\/eberhardsito.tesecom.net\/wp-content\/uploads\/2024\/02\/logo.svg","width":235,"height":121,"caption":"Eberhard &amp; Co."},"image":{"@id":"https:\/\/eberhardsito.tesecom.net\/fr\/#\/schema\/logo\/image\/"}}]}},"_links":{"self":[{"href":"https:\/\/eberhardsito.tesecom.net\/fr\/wp-json\/wp\/v2\/product\/35750"}],"collection":[{"href":"https:\/\/eberhardsito.tesecom.net\/fr\/wp-json\/wp\/v2\/product"}],"about":[{"href":"https:\/\/eberhardsito.tesecom.net\/fr\/wp-json\/wp\/v2\/types\/product"}],"replies":[{"embeddable":true,"href":"https:\/\/eberhardsito.tesecom.net\/fr\/wp-json\/wp\/v2\/comments?post=35750"}],"wp:attachment":[{"href":"https:\/\/eberhardsito.tesecom.net\/fr\/wp-json\/wp\/v2\/media?parent=35750"}],"wp:term":[{"taxonomy":"product_cat","embeddable":true,"href":"https:\/\/eberhardsito.tesecom.net\/fr\/wp-json\/wp\/v2\/product_cat?post=35750"},{"taxonomy":"product_tag","embeddable":true,"href":"https:\/\/eberhardsito.tesecom.net\/fr\/wp-json\/wp\/v2\/product_tag?post=35750"},{"taxonomy":"collection","embeddable":true,"href":"https:\/\/eberhardsito.tesecom.net\/fr\/wp-json\/wp\/v2\/collection?post=35750"}],"curies":[{"name":"wp","href":"https:\/\/api.w.org\/{rel}","templated":true}]}}