{"id":36012,"date":"2019-05-20T13:50:11","date_gmt":"2019-05-20T11:50:11","guid":{"rendered":"https:\/\/eberhardsito.tesecom.net\/prodotto\/tazio-nuvolari-desk-clock\/"},"modified":"2025-01-24T16:58:02","modified_gmt":"2025-01-24T15:58:02","slug":"tazio-nuvolari-desk-clock","status":"publish","type":"product","link":"https:\/\/eberhardsito.tesecom.net\/fr\/prodotto\/tazio-nuvolari-desk-clock\/","title":{"rendered":"TAZIO NUVOLARI DESK-CLOCK"},"content":{"rendered":"<p>QUARTZ<\/p>\n<p>VERRE MIN\u00c9RAL<\/p>\n<p>LUNETTE BRILLANTE AVEC TRAITEMENT DE SURFACE AU PALLADIUM<\/p>\n<p>C\u00d4T\u00c9 DU BO\u00ceTIER EN CUIR NOIR GRAIN\u00c9 AVEC SURPIQ\u00dbRES ROUGES<\/p>\n<p>FOND DU BO\u00ceTIER AMOVIBLE, PERSONNALIS\u00c9 PAR LE NOM DU PILOTE GRAV\u00c9 ET PAR UNE PLAQUE POUR LES GRAVURES DE D\u00c9DICACES<\/p>\n","protected":false},"excerpt":{"rendered":"<p>QUARTZ VERRE MIN\u00c9RAL LUNETTE BRILLANTE AVEC TRAITEMENT DE SURFACE AU PALLADIUM C\u00d4T\u00c9 DU BO\u00ceTIER EN CUIR NOIR GRAIN\u00c9 AVEC SURPIQ\u00dbRES ROUGES FOND DU BO\u00ceTIER AMOVIBLE, PERSONNALIS\u00c9 PAR LE NOM DU PILOTE GRAV\u00c9 ET PAR UNE PLAQUE POUR LES GRAVURES DE D\u00c9DICACES<\/p>\n","protected":false},"featured_media":0,"comment_status":"closed","ping_status":"closed","template":"","meta":{"_acf_changed":false,"inline_featured_image":false},"product_cat":[194],"product_tag":[],"collection":[644],"class_list":{"0":"post-36012","1":"product","2":"type-product","3":"status-publish","5":"product_cat-uncategorized-fr","6":"collection-desk-clock-fr","8":"first","9":"instock","10":"shipping-taxable","11":"purchasable","12":"product-type-simple"},"acf":[],"yoast_head":"<!-- This site is optimized with the Yoast SEO plugin v23.9 - https:\/\/yoast.com\/wordpress\/plugins\/seo\/ -->\n<title>TAZIO NUVOLARI DESK-CLOCK<\/title>\n<meta name=\"robots\" content=\"noindex, follow, max-snippet:-1, max-image-preview:large, max-video-preview:-1\" \/>\n<meta property=\"og:locale\" content=\"fr_FR\" \/>\n<meta property=\"og:type\" content=\"article\" \/>\n<meta property=\"og:title\" content=\"TAZIO NUVOLARI DESK-CLOCK\" \/>\n<meta property=\"og:description\" content=\"QUARTZ VERRE MIN\u00c9RAL LUNETTE BRILLANTE AVEC TRAITEMENT DE SURFACE AU PALLADIUM C\u00d4T\u00c9 DU BO\u00ceTIER EN CUIR NOIR GRAIN\u00c9 AVEC SURPIQ\u00dbRES ROUGES FOND DU BO\u00ceTIER AMOVIBLE, PERSONNALIS\u00c9 PAR LE NOM DU PILOTE GRAV\u00c9 ET PAR UNE PLAQUE POUR LES GRAVURES DE D\u00c9DICACES\" \/>\n<meta property=\"og:url\" content=\"https:\/\/eberhardsito.tesecom.net\/fr\/prodotto\/tazio-nuvolari-desk-clock\/\" \/>\n<meta property=\"og:site_name\" content=\"Eberhard &amp; Co.\" \/>\n<meta property=\"article:modified_time\" content=\"2025-01-24T15:58:02+00:00\" \/>\n<meta name=\"twitter:card\" content=\"summary_large_image\" \/>\n<meta name=\"twitter:label1\" content=\"Dur\u00e9e de lecture estim\u00e9e\" \/>\n\t<meta name=\"twitter:data1\" content=\"1 minute\" \/>\n<script type=\"application\/ld+json\" class=\"yoast-schema-graph\">{\"@context\":\"https:\/\/schema.org\",\"@graph\":[{\"@type\":\"WebPage\",\"@id\":\"https:\/\/eberhardsito.tesecom.net\/fr\/prodotto\/tazio-nuvolari-desk-clock\/\",\"url\":\"https:\/\/eberhardsito.tesecom.net\/fr\/prodotto\/tazio-nuvolari-desk-clock\/\",\"name\":\"TAZIO NUVOLARI DESK-CLOCK\",\"isPartOf\":{\"@id\":\"https:\/\/eberhardsito.tesecom.net\/fr\/#website\"},\"datePublished\":\"2019-05-20T11:50:11+00:00\",\"dateModified\":\"2025-01-24T15:58:02+00:00\",\"breadcrumb\":{\"@id\":\"https:\/\/eberhardsito.tesecom.net\/fr\/prodotto\/tazio-nuvolari-desk-clock\/#breadcrumb\"},\"inLanguage\":\"fr-FR\",\"potentialAction\":[{\"@type\":\"ReadAction\",\"target\":[\"https:\/\/eberhardsito.tesecom.net\/fr\/prodotto\/tazio-nuvolari-desk-clock\/\"]}]},{\"@type\":\"BreadcrumbList\",\"@id\":\"https:\/\/eberhardsito.tesecom.net\/fr\/prodotto\/tazio-nuvolari-desk-clock\/#breadcrumb\",\"itemListElement\":[{\"@type\":\"ListItem\",\"position\":1,\"name\":\"Homepage\",\"item\":\"https:\/\/eberhardsito.tesecom.net\/fr\/\"},{\"@type\":\"ListItem\",\"position\":2,\"name\":\"Boutique\",\"item\":\"https:\/\/eberhardsito.tesecom.net\/fr\/boutique\/\"},{\"@type\":\"ListItem\",\"position\":3,\"name\":\"TAZIO NUVOLARI DESK-CLOCK\"}]},{\"@type\":\"WebSite\",\"@id\":\"https:\/\/eberhardsito.tesecom.net\/fr\/#website\",\"url\":\"https:\/\/eberhardsito.tesecom.net\/fr\/\",\"name\":\"Eberhard &amp; Co.\",\"description\":\"\",\"publisher\":{\"@id\":\"https:\/\/eberhardsito.tesecom.net\/fr\/#organization\"},\"potentialAction\":[{\"@type\":\"SearchAction\",\"target\":{\"@type\":\"EntryPoint\",\"urlTemplate\":\"https:\/\/eberhardsito.tesecom.net\/fr\/?s={search_term_string}\"},\"query-input\":{\"@type\":\"PropertyValueSpecification\",\"valueRequired\":true,\"valueName\":\"search_term_string\"}}],\"inLanguage\":\"fr-FR\"},{\"@type\":\"Organization\",\"@id\":\"https:\/\/eberhardsito.tesecom.net\/fr\/#organization\",\"name\":\"Eberhard &amp; Co.\",\"url\":\"https:\/\/eberhardsito.tesecom.net\/fr\/\",\"logo\":{\"@type\":\"ImageObject\",\"inLanguage\":\"fr-FR\",\"@id\":\"https:\/\/eberhardsito.tesecom.net\/fr\/#\/schema\/logo\/image\/\",\"url\":\"https:\/\/eberhardsito.tesecom.net\/wp-content\/uploads\/2024\/02\/logo.svg\",\"contentUrl\":\"https:\/\/eberhardsito.tesecom.net\/wp-content\/uploads\/2024\/02\/logo.svg\",\"width\":235,\"height\":121,\"caption\":\"Eberhard &amp; Co.\"},\"image\":{\"@id\":\"https:\/\/eberhardsito.tesecom.net\/fr\/#\/schema\/logo\/image\/\"}}]}<\/script>\n<!-- \/ Yoast SEO plugin. -->","yoast_head_json":{"title":"TAZIO NUVOLARI DESK-CLOCK","robots":{"index":"noindex","follow":"follow","max-snippet":"max-snippet:-1","max-image-preview":"max-image-preview:large","max-video-preview":"max-video-preview:-1"},"og_locale":"fr_FR","og_type":"article","og_title":"TAZIO NUVOLARI DESK-CLOCK","og_description":"QUARTZ VERRE MIN\u00c9RAL LUNETTE BRILLANTE AVEC TRAITEMENT DE SURFACE AU PALLADIUM C\u00d4T\u00c9 DU BO\u00ceTIER EN CUIR NOIR GRAIN\u00c9 AVEC SURPIQ\u00dbRES ROUGES FOND DU BO\u00ceTIER AMOVIBLE, PERSONNALIS\u00c9 PAR LE NOM DU PILOTE GRAV\u00c9 ET PAR UNE PLAQUE POUR LES GRAVURES DE D\u00c9DICACES","og_url":"https:\/\/eberhardsito.tesecom.net\/fr\/prodotto\/tazio-nuvolari-desk-clock\/","og_site_name":"Eberhard &amp; Co.","article_modified_time":"2025-01-24T15:58:02+00:00","twitter_card":"summary_large_image","twitter_misc":{"Dur\u00e9e de lecture estim\u00e9e":"1 minute"},"schema":{"@context":"https:\/\/schema.org","@graph":[{"@type":"WebPage","@id":"https:\/\/eberhardsito.tesecom.net\/fr\/prodotto\/tazio-nuvolari-desk-clock\/","url":"https:\/\/eberhardsito.tesecom.net\/fr\/prodotto\/tazio-nuvolari-desk-clock\/","name":"TAZIO NUVOLARI DESK-CLOCK","isPartOf":{"@id":"https:\/\/eberhardsito.tesecom.net\/fr\/#website"},"datePublished":"2019-05-20T11:50:11+00:00","dateModified":"2025-01-24T15:58:02+00:00","breadcrumb":{"@id":"https:\/\/eberhardsito.tesecom.net\/fr\/prodotto\/tazio-nuvolari-desk-clock\/#breadcrumb"},"inLanguage":"fr-FR","potentialAction":[{"@type":"ReadAction","target":["https:\/\/eberhardsito.tesecom.net\/fr\/prodotto\/tazio-nuvolari-desk-clock\/"]}]},{"@type":"BreadcrumbList","@id":"https:\/\/eberhardsito.tesecom.net\/fr\/prodotto\/tazio-nuvolari-desk-clock\/#breadcrumb","itemListElement":[{"@type":"ListItem","position":1,"name":"Homepage","item":"https:\/\/eberhardsito.tesecom.net\/fr\/"},{"@type":"ListItem","position":2,"name":"Boutique","item":"https:\/\/eberhardsito.tesecom.net\/fr\/boutique\/"},{"@type":"ListItem","position":3,"name":"TAZIO NUVOLARI DESK-CLOCK"}]},{"@type":"WebSite","@id":"https:\/\/eberhardsito.tesecom.net\/fr\/#website","url":"https:\/\/eberhardsito.tesecom.net\/fr\/","name":"Eberhard &amp; Co.","description":"","publisher":{"@id":"https:\/\/eberhardsito.tesecom.net\/fr\/#organization"},"potentialAction":[{"@type":"SearchAction","target":{"@type":"EntryPoint","urlTemplate":"https:\/\/eberhardsito.tesecom.net\/fr\/?s={search_term_string}"},"query-input":{"@type":"PropertyValueSpecification","valueRequired":true,"valueName":"search_term_string"}}],"inLanguage":"fr-FR"},{"@type":"Organization","@id":"https:\/\/eberhardsito.tesecom.net\/fr\/#organization","name":"Eberhard &amp; Co.","url":"https:\/\/eberhardsito.tesecom.net\/fr\/","logo":{"@type":"ImageObject","inLanguage":"fr-FR","@id":"https:\/\/eberhardsito.tesecom.net\/fr\/#\/schema\/logo\/image\/","url":"https:\/\/eberhardsito.tesecom.net\/wp-content\/uploads\/2024\/02\/logo.svg","contentUrl":"https:\/\/eberhardsito.tesecom.net\/wp-content\/uploads\/2024\/02\/logo.svg","width":235,"height":121,"caption":"Eberhard &amp; Co."},"image":{"@id":"https:\/\/eberhardsito.tesecom.net\/fr\/#\/schema\/logo\/image\/"}}]}},"_links":{"self":[{"href":"https:\/\/eberhardsito.tesecom.net\/fr\/wp-json\/wp\/v2\/product\/36012"}],"collection":[{"href":"https:\/\/eberhardsito.tesecom.net\/fr\/wp-json\/wp\/v2\/product"}],"about":[{"href":"https:\/\/eberhardsito.tesecom.net\/fr\/wp-json\/wp\/v2\/types\/product"}],"replies":[{"embeddable":true,"href":"https:\/\/eberhardsito.tesecom.net\/fr\/wp-json\/wp\/v2\/comments?post=36012"}],"wp:attachment":[{"href":"https:\/\/eberhardsito.tesecom.net\/fr\/wp-json\/wp\/v2\/media?parent=36012"}],"wp:term":[{"taxonomy":"product_cat","embeddable":true,"href":"https:\/\/eberhardsito.tesecom.net\/fr\/wp-json\/wp\/v2\/product_cat?post=36012"},{"taxonomy":"product_tag","embeddable":true,"href":"https:\/\/eberhardsito.tesecom.net\/fr\/wp-json\/wp\/v2\/product_tag?post=36012"},{"taxonomy":"collection","embeddable":true,"href":"https:\/\/eberhardsito.tesecom.net\/fr\/wp-json\/wp\/v2\/collection?post=36012"}],"curies":[{"name":"wp","href":"https:\/\/api.w.org\/{rel}","templated":true}]}}