{"id":37971,"date":"2014-10-30T09:14:00","date_gmt":"2014-10-30T08:14:00","guid":{"rendered":"https:\/\/eberhardsito.tesecom.net\/prodotto\/chronographe-120eme-anniversaire-30121-2\/"},"modified":"2024-09-02T02:43:59","modified_gmt":"2024-09-02T00:43:59","slug":"chronographe-120eme-anniversaire-30121-2","status":"publish","type":"product","link":"https:\/\/eberhardsito.tesecom.net\/fr\/prodotto\/chronographe-120eme-anniversaire-30121-2\/","title":{"rendered":"CHRONOGRAPHE 120\u00c8ME ANNIVERSAIRE 30121.2"},"content":{"rendered":"<p>ChRONOGRAphE M\u00e9CANIQUE<br \/>\nAUTOMATIQUE<\/p>\n<p>vERRE SAphIR bOMb\u00e9<br \/>\nANTIREFLET<\/p>\n<p>COURONNE \u00c0 vIS<\/p>\n<p>FOND TRANSpARENT<br \/>\nvERRE SAphIR<br \/>\nSERR\u00e9 pAR 6 vIS<\/p>\n<p>bRACELET EN CROCODILE<\/p>\n<p>bOUCLE EN OR ROUGE 18 CT. \u2013 E&amp;CO.<\/p>\n<p>FERMETURE D\u00e9pLOYANTE D\u00c9CLIC\u00ae<br \/>\nEN OR ROUGE 18 CT<\/p>\n","protected":false},"excerpt":{"rendered":"<p>ChRONOGRAphE M\u00e9CANIQUE AUTOMATIQUE vERRE SAphIR bOMb\u00e9 ANTIREFLET COURONNE \u00c0 vIS FOND TRANSpARENT vERRE SAphIR SERR\u00e9 pAR 6 vIS bRACELET EN CROCODILE bOUCLE EN OR ROUGE 18 CT. \u2013 E&amp;CO. FERMETURE D\u00e9pLOYANTE D\u00c9CLIC\u00ae EN OR ROUGE 18 CT<\/p>\n","protected":false},"featured_media":0,"comment_status":"closed","ping_status":"closed","template":"","meta":{"_acf_changed":false,"inline_featured_image":false},"product_cat":[194],"product_tag":[],"collection":[687],"class_list":{"0":"post-37971","1":"product","2":"type-product","3":"status-publish","5":"product_cat-uncategorized-fr","6":"collection-120eme-anniversaire-fr","8":"first","9":"instock","10":"shipping-taxable","11":"product-type-simple"},"acf":[],"yoast_head":"<!-- This site is optimized with the Yoast SEO plugin v23.9 - https:\/\/yoast.com\/wordpress\/plugins\/seo\/ -->\n<title>CHRONOGRAPHE 120\u00c8ME ANNIVERSAIRE 30121.2 - Eberhard &amp; Co.<\/title>\n<meta name=\"robots\" content=\"noindex, follow, max-snippet:-1, max-image-preview:large, max-video-preview:-1\" \/>\n<meta property=\"og:locale\" content=\"fr_FR\" \/>\n<meta property=\"og:type\" content=\"article\" \/>\n<meta property=\"og:title\" content=\"CHRONOGRAPHE 120\u00c8ME ANNIVERSAIRE 30121.2 - Eberhard &amp; Co.\" \/>\n<meta property=\"og:description\" content=\"ChRONOGRAphE M\u00e9CANIQUE AUTOMATIQUE vERRE SAphIR bOMb\u00e9 ANTIREFLET COURONNE \u00c0 vIS FOND TRANSpARENT vERRE SAphIR SERR\u00e9 pAR 6 vIS bRACELET EN CROCODILE bOUCLE EN OR ROUGE 18 CT. \u2013 E&amp;CO. FERMETURE D\u00e9pLOYANTE D\u00c9CLIC\u00ae EN OR ROUGE 18 CT\" \/>\n<meta property=\"og:url\" content=\"https:\/\/eberhardsito.tesecom.net\/fr\/prodotto\/chronographe-120eme-anniversaire-30121-2\/\" \/>\n<meta property=\"og:site_name\" content=\"Eberhard &amp; Co.\" \/>\n<meta property=\"article:modified_time\" content=\"2024-09-02T00:43:59+00:00\" \/>\n<meta name=\"twitter:card\" content=\"summary_large_image\" \/>\n<meta name=\"twitter:label1\" content=\"Dur\u00e9e de lecture estim\u00e9e\" \/>\n\t<meta name=\"twitter:data1\" content=\"1 minute\" \/>\n<script type=\"application\/ld+json\" class=\"yoast-schema-graph\">{\"@context\":\"https:\/\/schema.org\",\"@graph\":[{\"@type\":\"WebPage\",\"@id\":\"https:\/\/eberhardsito.tesecom.net\/fr\/prodotto\/chronographe-120eme-anniversaire-30121-2\/\",\"url\":\"https:\/\/eberhardsito.tesecom.net\/fr\/prodotto\/chronographe-120eme-anniversaire-30121-2\/\",\"name\":\"CHRONOGRAPHE 120\u00c8ME ANNIVERSAIRE 30121.2 - Eberhard &amp; Co.\",\"isPartOf\":{\"@id\":\"https:\/\/eberhardsito.tesecom.net\/fr\/#website\"},\"datePublished\":\"2014-10-30T08:14:00+00:00\",\"dateModified\":\"2024-09-02T00:43:59+00:00\",\"breadcrumb\":{\"@id\":\"https:\/\/eberhardsito.tesecom.net\/fr\/prodotto\/chronographe-120eme-anniversaire-30121-2\/#breadcrumb\"},\"inLanguage\":\"fr-FR\",\"potentialAction\":[{\"@type\":\"ReadAction\",\"target\":[\"https:\/\/eberhardsito.tesecom.net\/fr\/prodotto\/chronographe-120eme-anniversaire-30121-2\/\"]}]},{\"@type\":\"BreadcrumbList\",\"@id\":\"https:\/\/eberhardsito.tesecom.net\/fr\/prodotto\/chronographe-120eme-anniversaire-30121-2\/#breadcrumb\",\"itemListElement\":[{\"@type\":\"ListItem\",\"position\":1,\"name\":\"Homepage\",\"item\":\"https:\/\/eberhardsito.tesecom.net\/fr\/\"},{\"@type\":\"ListItem\",\"position\":2,\"name\":\"Boutique\",\"item\":\"https:\/\/eberhardsito.tesecom.net\/fr\/boutique\/\"},{\"@type\":\"ListItem\",\"position\":3,\"name\":\"CHRONOGRAPHE 120\u00c8ME ANNIVERSAIRE 30121.2\"}]},{\"@type\":\"WebSite\",\"@id\":\"https:\/\/eberhardsito.tesecom.net\/fr\/#website\",\"url\":\"https:\/\/eberhardsito.tesecom.net\/fr\/\",\"name\":\"Eberhard &amp; Co.\",\"description\":\"\",\"publisher\":{\"@id\":\"https:\/\/eberhardsito.tesecom.net\/fr\/#organization\"},\"potentialAction\":[{\"@type\":\"SearchAction\",\"target\":{\"@type\":\"EntryPoint\",\"urlTemplate\":\"https:\/\/eberhardsito.tesecom.net\/fr\/?s={search_term_string}\"},\"query-input\":{\"@type\":\"PropertyValueSpecification\",\"valueRequired\":true,\"valueName\":\"search_term_string\"}}],\"inLanguage\":\"fr-FR\"},{\"@type\":\"Organization\",\"@id\":\"https:\/\/eberhardsito.tesecom.net\/fr\/#organization\",\"name\":\"Eberhard &amp; Co.\",\"url\":\"https:\/\/eberhardsito.tesecom.net\/fr\/\",\"logo\":{\"@type\":\"ImageObject\",\"inLanguage\":\"fr-FR\",\"@id\":\"https:\/\/eberhardsito.tesecom.net\/fr\/#\/schema\/logo\/image\/\",\"url\":\"https:\/\/eberhardsito.tesecom.net\/wp-content\/uploads\/2024\/02\/logo.svg\",\"contentUrl\":\"https:\/\/eberhardsito.tesecom.net\/wp-content\/uploads\/2024\/02\/logo.svg\",\"width\":235,\"height\":121,\"caption\":\"Eberhard &amp; Co.\"},\"image\":{\"@id\":\"https:\/\/eberhardsito.tesecom.net\/fr\/#\/schema\/logo\/image\/\"}}]}<\/script>\n<!-- \/ Yoast SEO plugin. -->","yoast_head_json":{"title":"CHRONOGRAPHE 120\u00c8ME ANNIVERSAIRE 30121.2 - Eberhard &amp; Co.","robots":{"index":"noindex","follow":"follow","max-snippet":"max-snippet:-1","max-image-preview":"max-image-preview:large","max-video-preview":"max-video-preview:-1"},"og_locale":"fr_FR","og_type":"article","og_title":"CHRONOGRAPHE 120\u00c8ME ANNIVERSAIRE 30121.2 - Eberhard &amp; Co.","og_description":"ChRONOGRAphE M\u00e9CANIQUE AUTOMATIQUE vERRE SAphIR bOMb\u00e9 ANTIREFLET COURONNE \u00c0 vIS FOND TRANSpARENT vERRE SAphIR SERR\u00e9 pAR 6 vIS bRACELET EN CROCODILE bOUCLE EN OR ROUGE 18 CT. \u2013 E&amp;CO. FERMETURE D\u00e9pLOYANTE D\u00c9CLIC\u00ae EN OR ROUGE 18 CT","og_url":"https:\/\/eberhardsito.tesecom.net\/fr\/prodotto\/chronographe-120eme-anniversaire-30121-2\/","og_site_name":"Eberhard &amp; Co.","article_modified_time":"2024-09-02T00:43:59+00:00","twitter_card":"summary_large_image","twitter_misc":{"Dur\u00e9e de lecture estim\u00e9e":"1 minute"},"schema":{"@context":"https:\/\/schema.org","@graph":[{"@type":"WebPage","@id":"https:\/\/eberhardsito.tesecom.net\/fr\/prodotto\/chronographe-120eme-anniversaire-30121-2\/","url":"https:\/\/eberhardsito.tesecom.net\/fr\/prodotto\/chronographe-120eme-anniversaire-30121-2\/","name":"CHRONOGRAPHE 120\u00c8ME ANNIVERSAIRE 30121.2 - Eberhard &amp; Co.","isPartOf":{"@id":"https:\/\/eberhardsito.tesecom.net\/fr\/#website"},"datePublished":"2014-10-30T08:14:00+00:00","dateModified":"2024-09-02T00:43:59+00:00","breadcrumb":{"@id":"https:\/\/eberhardsito.tesecom.net\/fr\/prodotto\/chronographe-120eme-anniversaire-30121-2\/#breadcrumb"},"inLanguage":"fr-FR","potentialAction":[{"@type":"ReadAction","target":["https:\/\/eberhardsito.tesecom.net\/fr\/prodotto\/chronographe-120eme-anniversaire-30121-2\/"]}]},{"@type":"BreadcrumbList","@id":"https:\/\/eberhardsito.tesecom.net\/fr\/prodotto\/chronographe-120eme-anniversaire-30121-2\/#breadcrumb","itemListElement":[{"@type":"ListItem","position":1,"name":"Homepage","item":"https:\/\/eberhardsito.tesecom.net\/fr\/"},{"@type":"ListItem","position":2,"name":"Boutique","item":"https:\/\/eberhardsito.tesecom.net\/fr\/boutique\/"},{"@type":"ListItem","position":3,"name":"CHRONOGRAPHE 120\u00c8ME ANNIVERSAIRE 30121.2"}]},{"@type":"WebSite","@id":"https:\/\/eberhardsito.tesecom.net\/fr\/#website","url":"https:\/\/eberhardsito.tesecom.net\/fr\/","name":"Eberhard &amp; Co.","description":"","publisher":{"@id":"https:\/\/eberhardsito.tesecom.net\/fr\/#organization"},"potentialAction":[{"@type":"SearchAction","target":{"@type":"EntryPoint","urlTemplate":"https:\/\/eberhardsito.tesecom.net\/fr\/?s={search_term_string}"},"query-input":{"@type":"PropertyValueSpecification","valueRequired":true,"valueName":"search_term_string"}}],"inLanguage":"fr-FR"},{"@type":"Organization","@id":"https:\/\/eberhardsito.tesecom.net\/fr\/#organization","name":"Eberhard &amp; Co.","url":"https:\/\/eberhardsito.tesecom.net\/fr\/","logo":{"@type":"ImageObject","inLanguage":"fr-FR","@id":"https:\/\/eberhardsito.tesecom.net\/fr\/#\/schema\/logo\/image\/","url":"https:\/\/eberhardsito.tesecom.net\/wp-content\/uploads\/2024\/02\/logo.svg","contentUrl":"https:\/\/eberhardsito.tesecom.net\/wp-content\/uploads\/2024\/02\/logo.svg","width":235,"height":121,"caption":"Eberhard &amp; Co."},"image":{"@id":"https:\/\/eberhardsito.tesecom.net\/fr\/#\/schema\/logo\/image\/"}}]}},"_links":{"self":[{"href":"https:\/\/eberhardsito.tesecom.net\/fr\/wp-json\/wp\/v2\/product\/37971"}],"collection":[{"href":"https:\/\/eberhardsito.tesecom.net\/fr\/wp-json\/wp\/v2\/product"}],"about":[{"href":"https:\/\/eberhardsito.tesecom.net\/fr\/wp-json\/wp\/v2\/types\/product"}],"replies":[{"embeddable":true,"href":"https:\/\/eberhardsito.tesecom.net\/fr\/wp-json\/wp\/v2\/comments?post=37971"}],"wp:attachment":[{"href":"https:\/\/eberhardsito.tesecom.net\/fr\/wp-json\/wp\/v2\/media?parent=37971"}],"wp:term":[{"taxonomy":"product_cat","embeddable":true,"href":"https:\/\/eberhardsito.tesecom.net\/fr\/wp-json\/wp\/v2\/product_cat?post=37971"},{"taxonomy":"product_tag","embeddable":true,"href":"https:\/\/eberhardsito.tesecom.net\/fr\/wp-json\/wp\/v2\/product_tag?post=37971"},{"taxonomy":"collection","embeddable":true,"href":"https:\/\/eberhardsito.tesecom.net\/fr\/wp-json\/wp\/v2\/collection?post=37971"}],"curies":[{"name":"wp","href":"https:\/\/api.w.org\/{rel}","templated":true}]}}