{"id":38325,"date":"2014-03-26T02:53:37","date_gmt":"2014-03-26T01:53:37","guid":{"rendered":"https:\/\/eberhardsito.tesecom.net\/prodotto\/tazio-nuvolari-gold-car-collection-30047\/"},"modified":"2024-11-25T04:18:02","modified_gmt":"2024-11-25T03:18:02","slug":"tazio-nuvolari-gold-car-collection-30047","status":"publish","type":"product","link":"https:\/\/eberhardsito.tesecom.net\/fr\/prodotto\/tazio-nuvolari-gold-car-collection-30047\/","title":{"rendered":"TAZIO NUVOLARI GOLD CAR COLLECTION 30047"},"content":{"rendered":"<p>CHRONOGRAPHE M\u00e9CANIQUE<br \/>\nAUTOMATIQUE<\/p>\n<p>VERRE SAPHIR ANTIREFLET<\/p>\n<p>COURONNE \u00e0 VIS EN OR 18 CT.<\/p>\n<p>FOND TRANSPARENT EN VERRE SAPHIR<br \/>\nSERR\u00e9 PAR 8 VIS<\/p>\n<p>BRACELET EN CROCODILE<\/p>\n<p>BOUCLE EN OR 18 CT. E&amp;CO.<\/p>\n","protected":false},"excerpt":{"rendered":"<p>CHRONOGRAPHE M\u00e9CANIQUE AUTOMATIQUE VERRE SAPHIR ANTIREFLET COURONNE \u00e0 VIS EN OR 18 CT. FOND TRANSPARENT EN VERRE SAPHIR SERR\u00e9 PAR 8 VIS BRACELET EN CROCODILE BOUCLE EN OR 18 CT. E&amp;CO.<\/p>\n","protected":false},"featured_media":0,"comment_status":"closed","ping_status":"closed","template":"","meta":{"_acf_changed":false,"inline_featured_image":false},"product_cat":[194],"product_tag":[],"collection":[629],"class_list":{"0":"post-38325","1":"product","2":"type-product","3":"status-publish","5":"product_cat-uncategorized-fr","6":"collection-tazio-nuvolari-tazio-nuvolari-fr","8":"first","9":"instock","10":"shipping-taxable","11":"product-type-simple"},"acf":[],"yoast_head":"<!-- This site is optimized with the Yoast SEO plugin v23.9 - https:\/\/yoast.com\/wordpress\/plugins\/seo\/ -->\n<title>TAZIO NUVOLARI GOLD CAR COLLECTION 30047 - Eberhard &amp; Co.<\/title>\n<meta name=\"robots\" content=\"noindex, follow, max-snippet:-1, max-image-preview:large, max-video-preview:-1\" \/>\n<meta property=\"og:locale\" content=\"fr_FR\" \/>\n<meta property=\"og:type\" content=\"article\" \/>\n<meta property=\"og:title\" content=\"TAZIO NUVOLARI GOLD CAR COLLECTION 30047 - Eberhard &amp; Co.\" \/>\n<meta property=\"og:description\" content=\"CHRONOGRAPHE M\u00e9CANIQUE AUTOMATIQUE VERRE SAPHIR ANTIREFLET COURONNE \u00e0 VIS EN OR 18 CT. FOND TRANSPARENT EN VERRE SAPHIR SERR\u00e9 PAR 8 VIS BRACELET EN CROCODILE BOUCLE EN OR 18 CT. E&amp;CO.\" \/>\n<meta property=\"og:url\" content=\"https:\/\/eberhardsito.tesecom.net\/fr\/prodotto\/tazio-nuvolari-gold-car-collection-30047\/\" \/>\n<meta property=\"og:site_name\" content=\"Eberhard &amp; Co.\" \/>\n<meta property=\"article:modified_time\" content=\"2024-11-25T03:18:02+00:00\" \/>\n<meta name=\"twitter:card\" content=\"summary_large_image\" \/>\n<meta name=\"twitter:label1\" content=\"Dur\u00e9e de lecture estim\u00e9e\" \/>\n\t<meta name=\"twitter:data1\" content=\"1 minute\" \/>\n<script type=\"application\/ld+json\" class=\"yoast-schema-graph\">{\"@context\":\"https:\/\/schema.org\",\"@graph\":[{\"@type\":\"WebPage\",\"@id\":\"https:\/\/eberhardsito.tesecom.net\/fr\/prodotto\/tazio-nuvolari-gold-car-collection-30047\/\",\"url\":\"https:\/\/eberhardsito.tesecom.net\/fr\/prodotto\/tazio-nuvolari-gold-car-collection-30047\/\",\"name\":\"TAZIO NUVOLARI GOLD CAR COLLECTION 30047 - Eberhard &amp; Co.\",\"isPartOf\":{\"@id\":\"https:\/\/eberhardsito.tesecom.net\/fr\/#website\"},\"datePublished\":\"2014-03-26T01:53:37+00:00\",\"dateModified\":\"2024-11-25T03:18:02+00:00\",\"breadcrumb\":{\"@id\":\"https:\/\/eberhardsito.tesecom.net\/fr\/prodotto\/tazio-nuvolari-gold-car-collection-30047\/#breadcrumb\"},\"inLanguage\":\"fr-FR\",\"potentialAction\":[{\"@type\":\"ReadAction\",\"target\":[\"https:\/\/eberhardsito.tesecom.net\/fr\/prodotto\/tazio-nuvolari-gold-car-collection-30047\/\"]}]},{\"@type\":\"BreadcrumbList\",\"@id\":\"https:\/\/eberhardsito.tesecom.net\/fr\/prodotto\/tazio-nuvolari-gold-car-collection-30047\/#breadcrumb\",\"itemListElement\":[{\"@type\":\"ListItem\",\"position\":1,\"name\":\"Homepage\",\"item\":\"https:\/\/eberhardsito.tesecom.net\/fr\/\"},{\"@type\":\"ListItem\",\"position\":2,\"name\":\"Boutique\",\"item\":\"https:\/\/eberhardsito.tesecom.net\/fr\/boutique\/\"},{\"@type\":\"ListItem\",\"position\":3,\"name\":\"TAZIO NUVOLARI GOLD CAR COLLECTION 30047\"}]},{\"@type\":\"WebSite\",\"@id\":\"https:\/\/eberhardsito.tesecom.net\/fr\/#website\",\"url\":\"https:\/\/eberhardsito.tesecom.net\/fr\/\",\"name\":\"Eberhard &amp; Co.\",\"description\":\"\",\"publisher\":{\"@id\":\"https:\/\/eberhardsito.tesecom.net\/fr\/#organization\"},\"potentialAction\":[{\"@type\":\"SearchAction\",\"target\":{\"@type\":\"EntryPoint\",\"urlTemplate\":\"https:\/\/eberhardsito.tesecom.net\/fr\/?s={search_term_string}\"},\"query-input\":{\"@type\":\"PropertyValueSpecification\",\"valueRequired\":true,\"valueName\":\"search_term_string\"}}],\"inLanguage\":\"fr-FR\"},{\"@type\":\"Organization\",\"@id\":\"https:\/\/eberhardsito.tesecom.net\/fr\/#organization\",\"name\":\"Eberhard &amp; Co.\",\"url\":\"https:\/\/eberhardsito.tesecom.net\/fr\/\",\"logo\":{\"@type\":\"ImageObject\",\"inLanguage\":\"fr-FR\",\"@id\":\"https:\/\/eberhardsito.tesecom.net\/fr\/#\/schema\/logo\/image\/\",\"url\":\"https:\/\/eberhardsito.tesecom.net\/wp-content\/uploads\/2024\/02\/logo.svg\",\"contentUrl\":\"https:\/\/eberhardsito.tesecom.net\/wp-content\/uploads\/2024\/02\/logo.svg\",\"width\":235,\"height\":121,\"caption\":\"Eberhard &amp; Co.\"},\"image\":{\"@id\":\"https:\/\/eberhardsito.tesecom.net\/fr\/#\/schema\/logo\/image\/\"}}]}<\/script>\n<!-- \/ Yoast SEO plugin. -->","yoast_head_json":{"title":"TAZIO NUVOLARI GOLD CAR COLLECTION 30047 - Eberhard &amp; Co.","robots":{"index":"noindex","follow":"follow","max-snippet":"max-snippet:-1","max-image-preview":"max-image-preview:large","max-video-preview":"max-video-preview:-1"},"og_locale":"fr_FR","og_type":"article","og_title":"TAZIO NUVOLARI GOLD CAR COLLECTION 30047 - Eberhard &amp; Co.","og_description":"CHRONOGRAPHE M\u00e9CANIQUE AUTOMATIQUE VERRE SAPHIR ANTIREFLET COURONNE \u00e0 VIS EN OR 18 CT. FOND TRANSPARENT EN VERRE SAPHIR SERR\u00e9 PAR 8 VIS BRACELET EN CROCODILE BOUCLE EN OR 18 CT. E&amp;CO.","og_url":"https:\/\/eberhardsito.tesecom.net\/fr\/prodotto\/tazio-nuvolari-gold-car-collection-30047\/","og_site_name":"Eberhard &amp; Co.","article_modified_time":"2024-11-25T03:18:02+00:00","twitter_card":"summary_large_image","twitter_misc":{"Dur\u00e9e de lecture estim\u00e9e":"1 minute"},"schema":{"@context":"https:\/\/schema.org","@graph":[{"@type":"WebPage","@id":"https:\/\/eberhardsito.tesecom.net\/fr\/prodotto\/tazio-nuvolari-gold-car-collection-30047\/","url":"https:\/\/eberhardsito.tesecom.net\/fr\/prodotto\/tazio-nuvolari-gold-car-collection-30047\/","name":"TAZIO NUVOLARI GOLD CAR COLLECTION 30047 - Eberhard &amp; Co.","isPartOf":{"@id":"https:\/\/eberhardsito.tesecom.net\/fr\/#website"},"datePublished":"2014-03-26T01:53:37+00:00","dateModified":"2024-11-25T03:18:02+00:00","breadcrumb":{"@id":"https:\/\/eberhardsito.tesecom.net\/fr\/prodotto\/tazio-nuvolari-gold-car-collection-30047\/#breadcrumb"},"inLanguage":"fr-FR","potentialAction":[{"@type":"ReadAction","target":["https:\/\/eberhardsito.tesecom.net\/fr\/prodotto\/tazio-nuvolari-gold-car-collection-30047\/"]}]},{"@type":"BreadcrumbList","@id":"https:\/\/eberhardsito.tesecom.net\/fr\/prodotto\/tazio-nuvolari-gold-car-collection-30047\/#breadcrumb","itemListElement":[{"@type":"ListItem","position":1,"name":"Homepage","item":"https:\/\/eberhardsito.tesecom.net\/fr\/"},{"@type":"ListItem","position":2,"name":"Boutique","item":"https:\/\/eberhardsito.tesecom.net\/fr\/boutique\/"},{"@type":"ListItem","position":3,"name":"TAZIO NUVOLARI GOLD CAR COLLECTION 30047"}]},{"@type":"WebSite","@id":"https:\/\/eberhardsito.tesecom.net\/fr\/#website","url":"https:\/\/eberhardsito.tesecom.net\/fr\/","name":"Eberhard &amp; Co.","description":"","publisher":{"@id":"https:\/\/eberhardsito.tesecom.net\/fr\/#organization"},"potentialAction":[{"@type":"SearchAction","target":{"@type":"EntryPoint","urlTemplate":"https:\/\/eberhardsito.tesecom.net\/fr\/?s={search_term_string}"},"query-input":{"@type":"PropertyValueSpecification","valueRequired":true,"valueName":"search_term_string"}}],"inLanguage":"fr-FR"},{"@type":"Organization","@id":"https:\/\/eberhardsito.tesecom.net\/fr\/#organization","name":"Eberhard &amp; Co.","url":"https:\/\/eberhardsito.tesecom.net\/fr\/","logo":{"@type":"ImageObject","inLanguage":"fr-FR","@id":"https:\/\/eberhardsito.tesecom.net\/fr\/#\/schema\/logo\/image\/","url":"https:\/\/eberhardsito.tesecom.net\/wp-content\/uploads\/2024\/02\/logo.svg","contentUrl":"https:\/\/eberhardsito.tesecom.net\/wp-content\/uploads\/2024\/02\/logo.svg","width":235,"height":121,"caption":"Eberhard &amp; Co."},"image":{"@id":"https:\/\/eberhardsito.tesecom.net\/fr\/#\/schema\/logo\/image\/"}}]}},"_links":{"self":[{"href":"https:\/\/eberhardsito.tesecom.net\/fr\/wp-json\/wp\/v2\/product\/38325"}],"collection":[{"href":"https:\/\/eberhardsito.tesecom.net\/fr\/wp-json\/wp\/v2\/product"}],"about":[{"href":"https:\/\/eberhardsito.tesecom.net\/fr\/wp-json\/wp\/v2\/types\/product"}],"replies":[{"embeddable":true,"href":"https:\/\/eberhardsito.tesecom.net\/fr\/wp-json\/wp\/v2\/comments?post=38325"}],"wp:attachment":[{"href":"https:\/\/eberhardsito.tesecom.net\/fr\/wp-json\/wp\/v2\/media?parent=38325"}],"wp:term":[{"taxonomy":"product_cat","embeddable":true,"href":"https:\/\/eberhardsito.tesecom.net\/fr\/wp-json\/wp\/v2\/product_cat?post=38325"},{"taxonomy":"product_tag","embeddable":true,"href":"https:\/\/eberhardsito.tesecom.net\/fr\/wp-json\/wp\/v2\/product_tag?post=38325"},{"taxonomy":"collection","embeddable":true,"href":"https:\/\/eberhardsito.tesecom.net\/fr\/wp-json\/wp\/v2\/collection?post=38325"}],"curies":[{"name":"wp","href":"https:\/\/api.w.org\/{rel}","templated":true}]}}